{"id":41,"date":"2024-08-06T14:41:10","date_gmt":"2024-08-06T12:41:10","guid":{"rendered":"http:\/\/createdesign-studio.de\/?page_id=41"},"modified":"2024-09-22T19:49:35","modified_gmt":"2024-09-22T17:49:35","slug":"impressum","status":"publish","type":"page","link":"https:\/\/createdesign-studio.de\/?page_id=41","title":{"rendered":"Impressum"},"content":{"rendered":"\t\t<div data-elementor-type=\"wp-page\" data-elementor-id=\"41\" class=\"elementor elementor-41\" data-elementor-post-type=\"page\">\n\t\t\t\t<div class=\"elementor-element elementor-element-f558430 e-flex e-con-boxed e-con e-parent\" data-id=\"f558430\" data-element_type=\"container\" data-e-type=\"container\">\n\t\t\t\t\t<div class=\"e-con-inner\">\n\t\t\t\t<div class=\"elementor-element elementor-element-1d11fcc elementor-widget elementor-widget-spacer\" data-id=\"1d11fcc\" data-element_type=\"widget\" data-e-type=\"widget\" data-widget_type=\"spacer.default\">\n\t\t\t\t<div class=\"elementor-widget-container\">\n\t\t\t\t\t\t\t<div class=\"elementor-spacer\">\n\t\t\t<div class=\"elementor-spacer-inner\"><\/div>\n\t\t<\/div>\n\t\t\t\t\t\t<\/div>\n\t\t\t\t<\/div>\n\t\t\t\t\t<\/div>\n\t\t\t\t<\/div>\n\t\t<div class=\"elementor-element elementor-element-3f343e8 e-flex e-con-boxed e-con e-parent\" data-id=\"3f343e8\" data-element_type=\"container\" data-e-type=\"container\">\n\t\t\t\t\t<div class=\"e-con-inner\">\n\t\t\t\t<div class=\"elementor-element elementor-element-b337057 elementor-widget elementor-widget-heading\" data-id=\"b337057\" data-element_type=\"widget\" data-e-type=\"widget\" data-widget_type=\"heading.default\">\n\t\t\t\t<div class=\"elementor-widget-container\">\n\t\t\t\t\t<h2 class=\"elementor-heading-title elementor-size-default\">Impressum<\/h2>\t\t\t\t<\/div>\n\t\t\t\t<\/div>\n\t\t\t\t<div class=\"elementor-element elementor-element-c4782f4 elementor-widget elementor-widget-spacer\" data-id=\"c4782f4\" data-element_type=\"widget\" data-e-type=\"widget\" data-widget_type=\"spacer.default\">\n\t\t\t\t<div class=\"elementor-widget-container\">\n\t\t\t\t\t\t\t<div class=\"elementor-spacer\">\n\t\t\t<div class=\"elementor-spacer-inner\"><\/div>\n\t\t<\/div>\n\t\t\t\t\t\t<\/div>\n\t\t\t\t<\/div>\n\t\t\t\t<div class=\"elementor-element elementor-element-924ccce elementor-widget elementor-widget-text-editor\" data-id=\"924ccce\" data-element_type=\"widget\" data-e-type=\"widget\" data-widget_type=\"text-editor.default\">\n\t\t\t\t<div class=\"elementor-widget-container\">\n\t\t\t\t\t\t\t\t\t<p><i style=\"text-align: var(--text-align);\">Elisa Blenk<\/i><\/p><p><i>Werbeagentur Create Design<\/i><\/p><p><i>St. Ulrich Stra\u00dfe 20<\/i><\/p><p><i>87497 Wertach<\/i><\/p><p><i>\u00a0<\/i><\/p><p><i>Kontakt<\/i><\/p><p><i>Telefon: 017657710540<\/i><\/p><p><i>E-Mail: info@createdesign-studio.de<\/i><\/p><p><span style=\"caret-color: #000000; color: #000000; font-family: Roboto, sans-serif; font-size: 13px;\">Angaben gem\u00e4\u00df \u00a7 5 TMG<\/span><\/p><p><span style=\"caret-color: #000000; color: #000000; font-family: Roboto, sans-serif; font-size: 13px;\">\u00a0<\/span><\/p><p><i>EU-Streitschlichtung<\/i><\/p><p><i>Die Europ\u00e4ische Kommission stellt eine Plattform zur Online-Streitbeilegung (OS) bereit:<\/i><\/p><p><a href=\"https:\/\/ec.europa.eu\/consumers\/odr\/.\"><span style=\"text-decoration: underline;\"><i>https:\/\/ec.europa.eu\/consumers\/odr\/<\/i><i>.<\/i><\/span><\/a><\/p><p><i>Unsere E-Mail-Adresse finden Sie oben im Impressum.<\/i><\/p><p><i>Verbraucherstreitbeilegung\/Universalschlichtungsstelle<\/i><\/p><p><i>Wir sind nicht bereit oder verpflichtet, an Streitbeilegungsverfahren vor einer<\/i><\/p><p><i>Verbraucherschlichtungsstelle teilzunehmen.<\/i><\/p><p><i>\u00a0<\/i><\/p><h2 style=\"margin: 0px 0px 30px; padding: 0px; font-size: var(--h2fontsize); font-family: Roboto, sans-serif; line-height: var(--h2lineheight); caret-color: #000000; color: #000000;\">Haftung f\u00fcr Inhalte<\/h2><p class=\"has-small-font-size\" style=\"margin: 0px 0px 30px; padding: 0px; caret-color: #000000; color: #000000; font-family: Roboto, sans-serif;\">Als Diensteanbieter sind wir gem\u00e4\u00df \u00a7 7 Abs.1 TMG f\u00fcr eigene Inhalte auf diesen Seiten nach denallgemeinen Gesetzen verantwortlich. Nach \u00a7\u00a7 8 bis 10 TMG sind wir als Diensteanbieter jedoch nichtverpflichtet, \u00fcbermittelte oder gespeicherte fremde Informationen zu \u00fcberwachen oder nach Umst\u00e4nden zuforschen, die auf eine rechtswidrige T\u00e4tigkeit hinweisen. Verpflichtungen zur Entfernung oder Sperrung der Nutzung von Informationen nach den allgemeinenGesetzen bleiben hiervon unber\u00fchrt. Eine diesbez\u00fcgliche Haftung ist jedoch erst ab dem Zeitpunkt der Kenntnis einer konkreten Rechtsverletzung m\u00f6glich. Bei Bekanntwerden von entsprechenden Rechtsverletzungen werden wir diese Inhalte umgehend entfernen.<\/p><h2 style=\"margin: 0px 0px 30px; padding: 0px; font-size: var(--h2fontsize); font-family: Roboto, sans-serif; line-height: var(--h2lineheight); caret-color: #000000; color: #000000;\">Haftung f\u00fcr Links<\/h2><p class=\"has-small-font-size\" style=\"margin: 0px 0px 30px; padding: 0px; caret-color: #000000; color: #000000; font-family: Roboto, sans-serif;\">Unser Angebot enth\u00e4lt Links zu externen Websites Dritter, auf deren Inhalte wir keinen Einfluss haben. Deshalb k\u00f6nnen wir f\u00fcr diese fremden Inhalte auch keine Gew\u00e4hr \u00fcbernehmen. F\u00fcr die Inhalte derverlinkten Seiten ist stets der jeweilige Anbieter oder Betreiber der Seiten verantwortlich. Die verlinkten Seiten wurden zum Zeitpunkt der Verlinkung auf m\u00f6gliche Rechtsverst\u00f6\u00dfe \u00fcberpr\u00fcft. Rechtswidrige Inhaltewaren zum Zeitpunkt der Verlinkung nicht erkennbar.Eine permanente inhaltliche Kontrolle der verlinkten Seiten ist jedoch ohne konkrete Anhaltspunkte einerRechtsverletzung nicht zumutbar. Bei Bekanntwerden von Rechtsverletzungen werden wir derartige Linksumgehend entfernen.UrheberrechtDie durch die Seitenbetreiber erstellten Inhalte und Werke auf diesen Seiten unterliegen dem deutschenUrheberrecht. Die Vervielf\u00e4ltigung, Bearbeitung, Verbreitung und jede Art der Verwertung au\u00dferhalb derGrenzen des Urheberrechtes bed\u00fcrfen der schriftlichen Zustimmung des jeweiligen Autors bzw. Erstellers.Downloads und Kopien dieser Seite sind nur f\u00fcr den privaten, nicht kommerziellen Gebrauch gestattet.Soweit die Inhalte auf dieser Seite nicht vom Betreiber erstellt wurden, werden die Urheberrechte Dritterbeachtet. Insbesondere werden Inhalte Dritter als solche gekennzeichnet. Sollten Sie trotzdem auf eineUrheberrechtsverletzung aufmerksam werden, bitten wir um einen entsprechenden Hinweis. BeiBekanntwerden von Rechtsverletzungen werden wir derartige Inhalte umgehend entfernen.Quelle: e-recht24.de<\/p><p><i>\u00a0<\/i><\/p><p><i>Quelle:<\/i><\/p><p><i>e-recht24.de<\/i><\/p>\t\t\t\t\t\t\t\t<\/div>\n\t\t\t\t<\/div>\n\t\t\t\t\t<\/div>\n\t\t\t\t<\/div>\n\t\t\t\t<\/div>\n\t\t","protected":false},"excerpt":{"rendered":"<p>Impressum Elisa Blenk Werbeagentur Create Design St. Ulrich Stra\u00dfe 20 87497 Wertach \u00a0 Kontakt Telefon: 017657710540 E-Mail: info@createdesign-studio.de Angaben gem\u00e4\u00df \u00a7 5 TMG \u00a0 EU-Streitschlichtung Die Europ\u00e4ische Kommission stellt eine Plattform zur Online-Streitbeilegung (OS) bereit: https:\/\/ec.europa.eu\/consumers\/odr\/. Unsere E-Mail-Adresse finden Sie oben im Impressum. Verbraucherstreitbeilegung\/Universalschlichtungsstelle Wir sind nicht bereit oder verpflichtet, an Streitbeilegungsverfahren vor einer Verbraucherschlichtungsstelle [&hellip;]<\/p>\n","protected":false},"author":1,"featured_media":0,"parent":0,"menu_order":0,"comment_status":"closed","ping_status":"closed","template":"","meta":{"footnotes":""},"class_list":["post-41","page","type-page","status-publish","hentry"],"yoast_head":"<!-- This site is optimized with the Yoast SEO plugin v27.5 - https:\/\/yoast.com\/product\/yoast-seo-wordpress\/ -->\n<title>Impressum - Create Design Studio<\/title>\n<meta name=\"robots\" content=\"index, follow, max-snippet:-1, max-image-preview:large, max-video-preview:-1\" \/>\n<link rel=\"canonical\" href=\"https:\/\/createdesign-studio.de\/?page_id=41\" \/>\n<meta property=\"og:locale\" content=\"de_DE\" \/>\n<meta property=\"og:type\" content=\"article\" \/>\n<meta property=\"og:title\" content=\"Impressum - Create Design Studio\" \/>\n<meta property=\"og:description\" content=\"Impressum Elisa Blenk Werbeagentur Create Design St. Ulrich Stra\u00dfe 20 87497 Wertach \u00a0 Kontakt Telefon: 017657710540 E-Mail: info@createdesign-studio.de Angaben gem\u00e4\u00df \u00a7 5 TMG \u00a0 EU-Streitschlichtung Die Europ\u00e4ische Kommission stellt eine Plattform zur Online-Streitbeilegung (OS) bereit: https:\/\/ec.europa.eu\/consumers\/odr\/. Unsere E-Mail-Adresse finden Sie oben im Impressum. Verbraucherstreitbeilegung\/Universalschlichtungsstelle Wir sind nicht bereit oder verpflichtet, an Streitbeilegungsverfahren vor einer Verbraucherschlichtungsstelle [&hellip;]\" \/>\n<meta property=\"og:url\" content=\"https:\/\/createdesign-studio.de\/?page_id=41\" \/>\n<meta property=\"og:site_name\" content=\"Create Design Studio\" \/>\n<meta property=\"article:modified_time\" content=\"2024-09-22T17:49:35+00:00\" \/>\n<meta property=\"og:image\" content=\"https:\/\/createdesign-studio.de\/wp-content\/uploads\/2024\/08\/creat-Logo-1.png\" \/>\n\t<meta property=\"og:image:width\" content=\"1000\" \/>\n\t<meta property=\"og:image:height\" content=\"565\" \/>\n\t<meta property=\"og:image:type\" content=\"image\/png\" \/>\n<meta name=\"twitter:card\" content=\"summary_large_image\" \/>\n<meta name=\"twitter:label1\" content=\"Gesch\u00e4tzte Lesezeit\" \/>\n\t<meta name=\"twitter:data1\" content=\"2\u00a0Minuten\" \/>\n<script type=\"application\/ld+json\" class=\"yoast-schema-graph\">{\"@context\":\"https:\\\/\\\/schema.org\",\"@graph\":[{\"@type\":\"WebPage\",\"@id\":\"https:\\\/\\\/createdesign-studio.de\\\/?page_id=41\",\"url\":\"https:\\\/\\\/createdesign-studio.de\\\/?page_id=41\",\"name\":\"Impressum - Create Design Studio\",\"isPartOf\":{\"@id\":\"https:\\\/\\\/createdesign-studio.de\\\/#website\"},\"datePublished\":\"2024-08-06T12:41:10+00:00\",\"dateModified\":\"2024-09-22T17:49:35+00:00\",\"breadcrumb\":{\"@id\":\"https:\\\/\\\/createdesign-studio.de\\\/?page_id=41#breadcrumb\"},\"inLanguage\":\"de\",\"potentialAction\":[{\"@type\":\"ReadAction\",\"target\":[\"https:\\\/\\\/createdesign-studio.de\\\/?page_id=41\"]}]},{\"@type\":\"BreadcrumbList\",\"@id\":\"https:\\\/\\\/createdesign-studio.de\\\/?page_id=41#breadcrumb\",\"itemListElement\":[{\"@type\":\"ListItem\",\"position\":1,\"name\":\"Startseite\",\"item\":\"https:\\\/\\\/createdesign-studio.de\\\/\"},{\"@type\":\"ListItem\",\"position\":2,\"name\":\"Impressum\"}]},{\"@type\":\"WebSite\",\"@id\":\"https:\\\/\\\/createdesign-studio.de\\\/#website\",\"url\":\"https:\\\/\\\/createdesign-studio.de\\\/\",\"name\":\"Create Design Studio\",\"description\":\"Design von Webseiten, Print und Digital Werbung\",\"publisher\":{\"@id\":\"https:\\\/\\\/createdesign-studio.de\\\/#organization\"},\"potentialAction\":[{\"@type\":\"SearchAction\",\"target\":{\"@type\":\"EntryPoint\",\"urlTemplate\":\"https:\\\/\\\/createdesign-studio.de\\\/?s={search_term_string}\"},\"query-input\":{\"@type\":\"PropertyValueSpecification\",\"valueRequired\":true,\"valueName\":\"search_term_string\"}}],\"inLanguage\":\"de\"},{\"@type\":\"Organization\",\"@id\":\"https:\\\/\\\/createdesign-studio.de\\\/#organization\",\"name\":\"Create Design Studio\",\"url\":\"https:\\\/\\\/createdesign-studio.de\\\/\",\"logo\":{\"@type\":\"ImageObject\",\"inLanguage\":\"de\",\"@id\":\"https:\\\/\\\/createdesign-studio.de\\\/#\\\/schema\\\/logo\\\/image\\\/\",\"url\":\"https:\\\/\\\/createdesign-studio.de\\\/wp-content\\\/uploads\\\/2024\\\/08\\\/creat-Logo-1.png\",\"contentUrl\":\"https:\\\/\\\/createdesign-studio.de\\\/wp-content\\\/uploads\\\/2024\\\/08\\\/creat-Logo-1.png\",\"width\":1000,\"height\":565,\"caption\":\"Create Design Studio\"},\"image\":{\"@id\":\"https:\\\/\\\/createdesign-studio.de\\\/#\\\/schema\\\/logo\\\/image\\\/\"},\"sameAs\":[\"https:\\\/\\\/www.instagram.com\\\/createdesign.studio_\\\/\"]}]}<\/script>\n<!-- \/ Yoast SEO plugin. -->","yoast_head_json":{"title":"Impressum - Create Design Studio","robots":{"index":"index","follow":"follow","max-snippet":"max-snippet:-1","max-image-preview":"max-image-preview:large","max-video-preview":"max-video-preview:-1"},"canonical":"https:\/\/createdesign-studio.de\/?page_id=41","og_locale":"de_DE","og_type":"article","og_title":"Impressum - Create Design Studio","og_description":"Impressum Elisa Blenk Werbeagentur Create Design St. Ulrich Stra\u00dfe 20 87497 Wertach \u00a0 Kontakt Telefon: 017657710540 E-Mail: info@createdesign-studio.de Angaben gem\u00e4\u00df \u00a7 5 TMG \u00a0 EU-Streitschlichtung Die Europ\u00e4ische Kommission stellt eine Plattform zur Online-Streitbeilegung (OS) bereit: https:\/\/ec.europa.eu\/consumers\/odr\/. Unsere E-Mail-Adresse finden Sie oben im Impressum. Verbraucherstreitbeilegung\/Universalschlichtungsstelle Wir sind nicht bereit oder verpflichtet, an Streitbeilegungsverfahren vor einer Verbraucherschlichtungsstelle [&hellip;]","og_url":"https:\/\/createdesign-studio.de\/?page_id=41","og_site_name":"Create Design Studio","article_modified_time":"2024-09-22T17:49:35+00:00","og_image":[{"width":1000,"height":565,"url":"https:\/\/createdesign-studio.de\/wp-content\/uploads\/2024\/08\/creat-Logo-1.png","type":"image\/png"}],"twitter_card":"summary_large_image","twitter_misc":{"Gesch\u00e4tzte Lesezeit":"2\u00a0Minuten"},"schema":{"@context":"https:\/\/schema.org","@graph":[{"@type":"WebPage","@id":"https:\/\/createdesign-studio.de\/?page_id=41","url":"https:\/\/createdesign-studio.de\/?page_id=41","name":"Impressum - Create Design Studio","isPartOf":{"@id":"https:\/\/createdesign-studio.de\/#website"},"datePublished":"2024-08-06T12:41:10+00:00","dateModified":"2024-09-22T17:49:35+00:00","breadcrumb":{"@id":"https:\/\/createdesign-studio.de\/?page_id=41#breadcrumb"},"inLanguage":"de","potentialAction":[{"@type":"ReadAction","target":["https:\/\/createdesign-studio.de\/?page_id=41"]}]},{"@type":"BreadcrumbList","@id":"https:\/\/createdesign-studio.de\/?page_id=41#breadcrumb","itemListElement":[{"@type":"ListItem","position":1,"name":"Startseite","item":"https:\/\/createdesign-studio.de\/"},{"@type":"ListItem","position":2,"name":"Impressum"}]},{"@type":"WebSite","@id":"https:\/\/createdesign-studio.de\/#website","url":"https:\/\/createdesign-studio.de\/","name":"Create Design Studio","description":"Design von Webseiten, Print und Digital Werbung","publisher":{"@id":"https:\/\/createdesign-studio.de\/#organization"},"potentialAction":[{"@type":"SearchAction","target":{"@type":"EntryPoint","urlTemplate":"https:\/\/createdesign-studio.de\/?s={search_term_string}"},"query-input":{"@type":"PropertyValueSpecification","valueRequired":true,"valueName":"search_term_string"}}],"inLanguage":"de"},{"@type":"Organization","@id":"https:\/\/createdesign-studio.de\/#organization","name":"Create Design Studio","url":"https:\/\/createdesign-studio.de\/","logo":{"@type":"ImageObject","inLanguage":"de","@id":"https:\/\/createdesign-studio.de\/#\/schema\/logo\/image\/","url":"https:\/\/createdesign-studio.de\/wp-content\/uploads\/2024\/08\/creat-Logo-1.png","contentUrl":"https:\/\/createdesign-studio.de\/wp-content\/uploads\/2024\/08\/creat-Logo-1.png","width":1000,"height":565,"caption":"Create Design Studio"},"image":{"@id":"https:\/\/createdesign-studio.de\/#\/schema\/logo\/image\/"},"sameAs":["https:\/\/www.instagram.com\/createdesign.studio_\/"]}]}},"_links":{"self":[{"href":"https:\/\/createdesign-studio.de\/index.php?rest_route=\/wp\/v2\/pages\/41","targetHints":{"allow":["GET"]}}],"collection":[{"href":"https:\/\/createdesign-studio.de\/index.php?rest_route=\/wp\/v2\/pages"}],"about":[{"href":"https:\/\/createdesign-studio.de\/index.php?rest_route=\/wp\/v2\/types\/page"}],"author":[{"embeddable":true,"href":"https:\/\/createdesign-studio.de\/index.php?rest_route=\/wp\/v2\/users\/1"}],"replies":[{"embeddable":true,"href":"https:\/\/createdesign-studio.de\/index.php?rest_route=%2Fwp%2Fv2%2Fcomments&post=41"}],"version-history":[{"count":10,"href":"https:\/\/createdesign-studio.de\/index.php?rest_route=\/wp\/v2\/pages\/41\/revisions"}],"predecessor-version":[{"id":925,"href":"https:\/\/createdesign-studio.de\/index.php?rest_route=\/wp\/v2\/pages\/41\/revisions\/925"}],"wp:attachment":[{"href":"https:\/\/createdesign-studio.de\/index.php?rest_route=%2Fwp%2Fv2%2Fmedia&parent=41"}],"curies":[{"name":"wp","href":"https:\/\/api.w.org\/{rel}","templated":true}]}}